{"id":2330,"date":"2025-10-02T13:05:40","date_gmt":"2025-10-02T10:05:40","guid":{"rendered":"https:\/\/cdsbud.es\/?page_id=2330"},"modified":"2025-10-02T13:08:53","modified_gmt":"2025-10-02T10:08:53","slug":"cookie-policy","status":"publish","type":"page","link":"https:\/\/cdsbud.es\/es\/cookie-policy\/","title":{"rendered":"Pol\u00edtica de cookies"},"content":{"rendered":"<div data-elementor-type=\"wp-page\" data-elementor-id=\"2330\" class=\"elementor elementor-2330\" data-elementor-post-type=\"page\">\n\t\t\t\t<div class=\"elementor-element elementor-element-2b5272c e-flex e-con-boxed e-con e-parent\" data-id=\"2b5272c\" data-element_type=\"container\" data-settings=\"{&quot;background_background&quot;:&quot;classic&quot;,&quot;jet_parallax_layout_list&quot;:[]}\">\n\t\t\t\t\t<div class=\"e-con-inner\">\n\t\t\t\t<div class=\"elementor-element elementor-element-78862d1 elementor-widget elementor-widget-heading\" data-id=\"78862d1\" data-element_type=\"widget\" data-widget_type=\"heading.default\">\n\t\t\t\t<div class=\"elementor-widget-container\">\n\t\t\t\t\t<h2 class=\"elementor-heading-title elementor-size-default\">Pol\u00edtica de cookies<\/h2>\t\t\t\t<\/div>\n\t\t\t\t<\/div>\n\t\t\t\t<div class=\"elementor-element elementor-element-011aa8a elementor-widget elementor-widget-heading\" data-id=\"011aa8a\" data-element_type=\"widget\" data-widget_type=\"heading.default\">\n\t\t\t\t<div class=\"elementor-widget-container\">\n\t\t\t\t\t<h2 class=\"elementor-heading-title elementor-size-default\">\u00daltima actualizaci\u00f3n: 02\/10\/2025<\/h2>\t\t\t\t<\/div>\n\t\t\t\t<\/div>\n\t\t\t\t<div class=\"elementor-element elementor-element-241d1cb elementor-widget elementor-widget-text-editor\" data-id=\"241d1cb\" data-element_type=\"widget\" data-widget_type=\"text-editor.default\">\n\t\t\t\t<div class=\"elementor-widget-container\">\n\t\t\t\t\t\t\t\t\t<p class=\"ds-markdown-paragraph\"><strong>1. Introducci\u00f3n<\/strong><\/p>\n<p class=\"ds-markdown-paragraph\">Esta Pol\u00edtica de cookies explica c\u00f3mo Take Drive (\u00abnosotros\u00bb, \u00abnuestro\u00bb o \u00abnuestra\u00bb) utiliza cookies y tecnolog\u00edas de seguimiento similares en nuestro sitio web\u00a0<a href=\"https:\/\/cdsbud.es\/es\/\" target=\"_blank\" rel=\"noopener noreferrer\">https:\/\/cdsbud.es\/<\/a>\u00a0(el \u00abSitio\u00bb). Esta pol\u00edtica debe leerse junto con nuestra Pol\u00edtica de Privacidad.<\/p>\n<p class=\"ds-markdown-paragraph\">Al utilizar nuestro Sitio, usted acepta el uso de cookies de acuerdo con esta pol\u00edtica, a menos que las haya deshabilitado en la configuraci\u00f3n de su navegador.<\/p>\n<p class=\"ds-markdown-paragraph\"><strong>2. \u00bfQu\u00e9 son las cookies?<\/strong><\/p>\n<p class=\"ds-markdown-paragraph\">Las cookies son peque\u00f1os archivos de texto que se colocan en su dispositivo (computadora, tableta o m\u00f3vil) cuando visita nuestro Sitio. Se utilizan ampliamente para hacer que los sitios web funcionen de manera m\u00e1s eficiente, as\u00ed como para proporcionar informaci\u00f3n a los propietarios del sitio.<\/p>\n<p class=\"ds-markdown-paragraph\">Las cookies pueden ser:<\/p>\n<ul>\n<li>\n<p class=\"ds-markdown-paragraph\"><strong>\u00abCookies persistentes\u00bb<\/strong>: Estas permanecen en su dispositivo durante un per\u00edodo establecido o hasta que las elimine.<\/p>\n<\/li>\n<li>\n<p class=\"ds-markdown-paragraph\"><strong>\u00abCookies de sesi\u00f3n\u00bb<\/strong>: Son temporales y se eliminan una vez que cierra el navegador.<\/p>\n<\/li>\n<\/ul>\n<p class=\"ds-markdown-paragraph\">Tambi\u00e9n utilizamos tecnolog\u00edas similares, como \u00abweb beacons\u00bb, \u00abp\u00edxeles\u00bb o \u00abetiquetas\u00bb.<\/p>\n<p class=\"ds-markdown-paragraph\"><strong>3. C\u00f3mo utilizamos las cookies y los tipos de cookies que utilizamos<\/strong><\/p>\n<p class=\"ds-markdown-paragraph\">Utilizamos cookies para varios fines, que se clasifican de la siguiente manera:<\/p>\n<div class=\"ds-scroll-area _1210dd7\">\n<div class=\"ds-scroll-area__gutters\">\n<div class=\"ds-scroll-area__horizontal-gutter\">\n<div class=\"ds-scroll-area__horizontal-bar\">\u00a0<\/div>\n<\/div>\n<div class=\"ds-scroll-area__vertical-gutter\">\u00a0<\/div>\n<\/div>\n<table>\n<thead>\n<tr>\n<th>Categor\u00eda<\/th>\n<th>Prop\u00f3sito<\/th>\n<th>Gestionado por<\/th>\n<\/tr>\n<\/thead>\n<tbody>\n<tr>\n<td><strong>Cookies estrictamente necesarias<\/strong><\/td>\n<td>Estas cookies son esenciales para el funcionamiento del sitio web y no se pueden desactivar. Suelen establecerse en respuesta a sus acciones, como configurar sus preferencias de privacidad, iniciar sesi\u00f3n o completar formularios. Puede configurar su navegador para bloquearlas, pero algunas partes del sitio pueden no funcionar.<\/td>\n<td>Cookies propias<\/td>\n<\/tr>\n<tr>\n<td><strong>Cookies de rendimiento \/ anal\u00edticas<\/strong><\/td>\n<td>Estas cookies nos permiten contar visitas y fuentes de tr\u00e1fico para medir y mejorar el rendimiento de nuestro Sitio. Nos ayudan a saber qu\u00e9 p\u00e1ginas son las m\u00e1s y las menos populares y ver c\u00f3mo se mueven los visitantes por el sitio. Toda la informaci\u00f3n que recopilan estas cookies es agregada y, por lo tanto, an\u00f3nima.<\/td>\n<td>Cookies de terceros (por ejemplo, Google Analytics)<\/td>\n<\/tr>\n<tr>\n<td><strong>Cookies funcionales<\/strong><\/td>\n<td>Estas cookies permiten que el sitio web ofrezca una funcionalidad y personalizaci\u00f3n mejoradas, como recordar su idioma preferido o la regi\u00f3n en la que se encuentra. Pueden ser establecidas por nosotros o por proveedores externos cuyos servicios hemos a\u00f1adido a nuestras p\u00e1ginas.<\/td>\n<td>Cookies propias y de terceros<\/td>\n<\/tr>\n<tr>\n<td><strong>Cookies de segmentaci\u00f3n \/ publicitarias<\/strong><\/td>\n<td>Estas cookies pueden ser establecidas en nuestro sitio por nuestros socios publicitarios. Se utilizan para crear un perfil de sus intereses y mostrarle anuncios relevantes en otros sitios. Funcionan identificando de forma \u00fanica su navegador y dispositivo. Si no permite estas cookies, experimentar\u00e1 una publicidad menos dirigida.<\/td>\n<td>Cookies de terceros (por ejemplo, Meta, Google Ads)<\/td>\n<\/tr>\n<\/tbody>\n<\/table>\n<\/div>\n<p class=\"ds-markdown-paragraph\"><strong>4. Cookies espec\u00edficas que utilizamos<\/strong><\/p>\n<p class=\"ds-markdown-paragraph\">La siguiente tabla detalla algunas de las cookies espec\u00edficas que utilizamos.<\/p>\n<div class=\"ds-scroll-area _1210dd7\">\n<div class=\"ds-scroll-area__gutters\">\n<div class=\"ds-scroll-area__horizontal-gutter\">\n<div class=\"ds-scroll-area__horizontal-bar\">\u00a0<\/div>\n<\/div>\n<div class=\"ds-scroll-area__vertical-gutter\">\u00a0<\/div>\n<\/div>\n<table>\n<thead>\n<tr>\n<th>Nombre de la cookie<\/th>\n<th>Proveedor<\/th>\n<th>Tipo<\/th>\n<th>Prop\u00f3sito<\/th>\n<th>Duraci\u00f3n<\/th>\n<\/tr>\n<\/thead>\n<tbody>\n<tr>\n<td><code>cc_cookie<\/code><\/td>\n<td>Take Drive<\/td>\n<td>Estrictamente necesarias<\/td>\n<td>Recuerda sus preferencias de consentimiento de cookies.<\/td>\n<td>1 a\u00f1o<\/td>\n<\/tr>\n<tr>\n<td><code>PHPSESSID<\/code><\/td>\n<td>Take Drive<\/td>\n<td>Estrictamente necesarias<\/td>\n<td>Conserva el estado de la sesi\u00f3n del usuario entre solicitudes de p\u00e1gina.<\/td>\n<td>Sesi\u00f3n<\/td>\n<\/tr>\n<tr>\n<td><code>_ga<\/code><\/td>\n<td>Google Analytics<\/td>\n<td>Rendimiento<\/td>\n<td>Registra un ID \u00fanico utilizado para generar datos estad\u00edsticos sobre c\u00f3mo el visitante utiliza el sitio web.<\/td>\n<td>2 a\u00f1os<\/td>\n<\/tr>\n<tr>\n<td><code>_gid<\/code><\/td>\n<td>Google Analytics<\/td>\n<td>Rendimiento<\/td>\n<td>Registra un ID \u00fanico utilizado para generar datos estad\u00edsticos sobre c\u00f3mo el visitante utiliza el sitio web.<\/td>\n<td>1 d\u00eda<\/td>\n<\/tr>\n<tr>\n<td><code>_gat<\/code><\/td>\n<td>Google Analytics<\/td>\n<td>Rendimiento<\/td>\n<td>Se utiliza para limitar la tasa de solicitudes.<\/td>\n<td>1 minuto<\/td>\n<\/tr>\n<tr>\n<td><code>NID<\/code><\/td>\n<td>Google Maps<\/td>\n<td>Funcionales\/Segmentaci\u00f3n<\/td>\n<td>Se utiliza para recordar sus preferencias y otra informaci\u00f3n, como su idioma preferido.<\/td>\n<td>6 meses<\/td>\n<\/tr>\n<tr>\n<td><code>fr<\/code><\/td>\n<td>Meta (Facebook)<\/td>\n<td>Segmentaci\u00f3n<\/td>\n<td>Se utiliza para ofrecer, medir y mejorar la relevancia de los anuncios.<\/td>\n<td>3 meses<\/td>\n<\/tr>\n<\/tbody>\n<\/table>\n<\/div>\n<p class=\"ds-markdown-paragraph\"><strong>5. Su consentimiento y c\u00f3mo gestionar las cookies<\/strong><\/p>\n<p class=\"ds-markdown-paragraph\">En su primera visita a nuestro Sitio, aparecer\u00e1 un banner de cookies solicitando su consentimiento para el uso de cookies no esenciales (rendimiento, funcionales y de segmentaci\u00f3n). Puede dar su consentimiento, rechazarlo o personalizar sus preferencias.<\/p>\n<p class=\"ds-markdown-paragraph\">Puede cambiar sus preferencias de cookies en cualquier momento mediante:<\/p>\n<ul>\n<li>\n<p class=\"ds-markdown-paragraph\">Hacer clic en el enlace \u00abConfiguraci\u00f3n de cookies\u00bb en el pie de p\u00e1gina de nuestro sitio web.<\/p>\n<\/li>\n<li>\n<p class=\"ds-markdown-paragraph\">Gestionando su configuraci\u00f3n directamente en nuestro centro de preferencias de cookies, accesible a trav\u00e9s del banner de cookies.<\/p>\n<\/li>\n<\/ul>\n<p class=\"ds-markdown-paragraph\"><strong>Gesti\u00f3n de cookies a trav\u00e9s de su navegador:<\/strong><br \/>Tambi\u00e9n puede gestionar las cookies a trav\u00e9s de la configuraci\u00f3n de su navegador web. La mayor\u00eda de los navegadores le permiten rechazar la aceptaci\u00f3n de cookies y eliminarlas. Los m\u00e9todos para hacerlo var\u00edan seg\u00fan el navegador y la versi\u00f3n. Puede obtener informaci\u00f3n actualizada sobre c\u00f3mo bloquear y eliminar cookies a trav\u00e9s de estos enlaces:<\/p>\n<ul>\n<li>\n<p class=\"ds-markdown-paragraph\"><a href=\"https:\/\/support.google.com\/chrome\/answer\/95647\" target=\"_blank\" rel=\"noopener noreferrer\">Google Chrome<\/a><\/p>\n<\/li>\n<li>\n<p class=\"ds-markdown-paragraph\"><a href=\"https:\/\/support.mozilla.org\/en-US\/kb\/enable-and-disable-cookies-website-preferences\" target=\"_blank\" rel=\"noopener noreferrer\">Mozilla Firefox<\/a><\/p>\n<\/li>\n<li>\n<p class=\"ds-markdown-paragraph\"><a href=\"https:\/\/support.apple.com\/guide\/safari\/manage-cookies-and-website-data-sfri11471\/mac\" target=\"_blank\" rel=\"noopener noreferrer\">Apple Safari<\/a><\/p>\n<\/li>\n<li>\n<p class=\"ds-markdown-paragraph\"><a href=\"https:\/\/support.microsoft.com\/en-us\/microsoft-edge\/delete-cookies-in-microsoft-edge-63947406-40ac-c3b8-57b9-2a946a29ae09\" target=\"_blank\" rel=\"noopener noreferrer\">Microsoft Edge<\/a><\/p>\n<\/li>\n<\/ul>\n<p class=\"ds-markdown-paragraph\">Tenga en cuenta que bloquear todas las cookies puede tener un impacto negativo en la usabilidad de muchos sitios web, y algunas funciones de nuestro Sitio pueden no funcionar correctamente.<\/p>\n<p class=\"ds-markdown-paragraph\"><strong>6. Se\u00f1ales de No Rastrear (DNT)<\/strong><\/p>\n<p class=\"ds-markdown-paragraph\">Nuestro Sitio actualmente no responde a las se\u00f1ales de No Rastrear del navegador.<\/p>\n<p class=\"ds-markdown-paragraph\"><strong>7. Transferencias internacionales<\/strong><\/p>\n<p class=\"ds-markdown-paragraph\">Algunos de nuestros proveedores de cookies de terceros se encuentran fuera del Espacio Econ\u00f3mico Europeo (EEE). Cuando transferimos sus datos a estos proveedores, garantizamos las salvaguardias adecuadas seg\u00fan lo exige el RGPD.<\/p>\n<p class=\"ds-markdown-paragraph\"><strong>8. Cambios en esta Pol\u00edtica de cookies<\/strong><\/p>\n<p class=\"ds-markdown-paragraph\">Podemos actualizar esta Pol\u00edtica de cookies peri\u00f3dicamente. Le notificaremos cualquier cambio publicando la nueva pol\u00edtica en esta p\u00e1gina y actualizando la fecha de \"\u00daltima actualizaci\u00f3n\".<\/p>\n<p class=\"ds-markdown-paragraph\"><strong>9. Cont\u00e1ctenos<\/strong><\/p>\n<p class=\"ds-markdown-paragraph\">Si tiene alguna pregunta sobre esta Pol\u00edtica de cookies, cont\u00e1ctenos:<br \/>Por correo electr\u00f3nico: <a href=\"mailto:info@cdsbud.es\" target=\"_blank\" rel=\"noopener\">info@cdsbud.es<\/a><br \/>Por correo postal: Take Drive, C. Gaud\u00ed, 11, 29680 Estepona, M\u00e1laga, Espa\u00f1a.<\/p>\t\t\t\t\t\t\t\t<\/div>\n\t\t\t\t<\/div>\n\t\t\t\t\t<\/div>\n\t\t\t\t<\/div>\n\t\t\t\t<\/div>","protected":false},"excerpt":{"rendered":"<p>Cookie Policy Last Updated: 02\/10\/2025 1. Introduction This Cookie Policy explains how Take Drive (&#8220;we&#8221;, &#8220;us&#8221;, or &#8220;our&#8221;) uses cookies and similar tracking technologies on our website\u00a0https:\/\/cdsbud.es\/\u00a0(the &#8220;Site&#8221;). This policy should be read alongside our Privacy Policy. By using our Site, you consent to the use of cookies in accordance with this policy, unless you [&hellip;]<\/p>","protected":false},"author":2,"featured_media":0,"parent":0,"menu_order":0,"comment_status":"closed","ping_status":"closed","template":"elementor_header_footer","meta":{"footnotes":""},"class_list":["post-2330","page","type-page","status-publish","hentry"],"_links":{"self":[{"href":"https:\/\/cdsbud.es\/es\/wp-json\/wp\/v2\/pages\/2330","targetHints":{"allow":["GET"]}}],"collection":[{"href":"https:\/\/cdsbud.es\/es\/wp-json\/wp\/v2\/pages"}],"about":[{"href":"https:\/\/cdsbud.es\/es\/wp-json\/wp\/v2\/types\/page"}],"author":[{"embeddable":true,"href":"https:\/\/cdsbud.es\/es\/wp-json\/wp\/v2\/users\/2"}],"replies":[{"embeddable":true,"href":"https:\/\/cdsbud.es\/es\/wp-json\/wp\/v2\/comments?post=2330"}],"version-history":[{"count":1,"href":"https:\/\/cdsbud.es\/es\/wp-json\/wp\/v2\/pages\/2330\/revisions"}],"predecessor-version":[{"id":2491,"href":"https:\/\/cdsbud.es\/es\/wp-json\/wp\/v2\/pages\/2330\/revisions\/2491"}],"wp:attachment":[{"href":"https:\/\/cdsbud.es\/es\/wp-json\/wp\/v2\/media?parent=2330"}],"curies":[{"name":"wp","href":"https:\/\/api.w.org\/{rel}","templated":true}]}}