{"id":1896,"date":"2025-09-23T16:13:10","date_gmt":"2025-09-23T13:13:10","guid":{"rendered":"https:\/\/cdsbud.es\/?page_id=1896"},"modified":"2025-10-02T13:10:39","modified_gmt":"2025-10-02T10:10:39","slug":"privacy-policy","status":"publish","type":"page","link":"https:\/\/cdsbud.es\/es\/privacy-policy\/","title":{"rendered":"Pol\u00edtica de privacidad"},"content":{"rendered":"<div data-elementor-type=\"wp-page\" data-elementor-id=\"1896\" class=\"elementor elementor-1896\" data-elementor-post-type=\"page\">\n\t\t\t\t<div class=\"elementor-element elementor-element-62cb1e7 e-flex e-con-boxed e-con e-parent\" data-id=\"62cb1e7\" data-element_type=\"container\" data-settings=\"{&quot;background_background&quot;:&quot;classic&quot;,&quot;jet_parallax_layout_list&quot;:[]}\">\n\t\t\t\t\t<div class=\"e-con-inner\">\n\t\t\t\t<div class=\"elementor-element elementor-element-c57cedf elementor-widget elementor-widget-heading\" data-id=\"c57cedf\" data-element_type=\"widget\" data-widget_type=\"heading.default\">\n\t\t\t\t<div class=\"elementor-widget-container\">\n\t\t\t\t\t<h2 class=\"elementor-heading-title elementor-size-default\">Pol\u00edtica de privacidad<\/h2>\t\t\t\t<\/div>\n\t\t\t\t<\/div>\n\t\t\t\t<div class=\"elementor-element elementor-element-ad04eb6 elementor-widget elementor-widget-heading\" data-id=\"ad04eb6\" data-element_type=\"widget\" data-widget_type=\"heading.default\">\n\t\t\t\t<div class=\"elementor-widget-container\">\n\t\t\t\t\t<h2 class=\"elementor-heading-title elementor-size-default\">\u00daltima actualizaci\u00f3n: 17\/09\/2025<\/h2>\t\t\t\t<\/div>\n\t\t\t\t<\/div>\n\t\t\t\t<div class=\"elementor-element elementor-element-237ba30 elementor-widget elementor-widget-text-editor\" data-id=\"237ba30\" data-element_type=\"widget\" data-widget_type=\"text-editor.default\">\n\t\t\t\t<div class=\"elementor-widget-container\">\n\t\t\t\t\t\t\t\t\t<p class=\"ds-markdown-paragraph\"><strong>1. Introducci\u00f3n<\/strong><\/p>\n<p class=\"ds-markdown-paragraph\">Take Drive (denominada \u00abnosotros\u00bb, \u00abnuestro\u00bb o \u00abnuestra\u00bb) se compromete a proteger y respetar su privacidad. Esta Pol\u00edtica de Privacidad explica c\u00f3mo recopilamos, utilizamos, divulgamos y protegemos sus datos personales cuando visita nuestro sitio web\u00a0<a href=\"https:\/\/cdsbud.es\/es\/\" target=\"_blank\" rel=\"noopener noreferrer\">https:\/\/cdsbud.es\/<\/a>\u00a0y utiliza nuestros servicios premium de alquiler de coches.<\/p>\n<p class=\"ds-markdown-paragraph\">This policy is written in accordance with the General Data Protection Regulation (GDPR) and other applicable Spanish data protection laws.<\/p>\n<p class=\"ds-markdown-paragraph\"><strong>2. Responsable del tratamiento de datos<\/strong><\/p>\n<p class=\"ds-markdown-paragraph\">El responsable del tratamiento de sus datos personales es:<br \/>Take Drive<br \/>C. Gaud\u00ed, 11, 29680 Estepona, M\u00e1laga, Spain<br \/>Correo electr\u00f3nico: <a href=\"mailto:info@cdsbud.es\" target=\"_blank\" rel=\"noopener\">info@cdsbud.es<\/a><\/p>\n<p class=\"ds-markdown-paragraph\"><strong>3. Informaci\u00f3n que recopilamos<\/strong><\/p>\n<p class=\"ds-markdown-paragraph\">Podemos recopilar y procesar las siguientes categor\u00edas de datos personales:<\/p>\n<ul>\n<li>\n<p class=\"ds-markdown-paragraph\"><strong>Datos de identidad y contacto:<\/strong>\u00a0Su tratamiento, nombre, apellido, fecha de nacimiento, direcci\u00f3n, correo electr\u00f3nico y n\u00famero de tel\u00e9fono.<\/p>\n<\/li>\n<li>\n<p class=\"ds-markdown-paragraph\"><strong>Datos del permiso de conducir:<\/strong>\u00a0N\u00famero de su licencia de conducir, fecha de emisi\u00f3n, fecha de caducidad y copias de su licencia.<\/p>\n<\/li>\n<li>\n<p class=\"ds-markdown-paragraph\"><strong>Datos del documento de identidad:<\/strong>\u00a0N\u00famero de su pasaporte o carn\u00e9 de identidad nacional, y copias con fines de verificaci\u00f3n.<\/p>\n<\/li>\n<li>\n<p class=\"ds-markdown-paragraph\"><strong>Datos de pago:<\/strong>\u00a0N\u00famero de su tarjeta de cr\u00e9dito\/d\u00e9bito, fecha de caducidad y c\u00f3digo de seguridad (que es procesado de forma segura por nuestros proveedores de servicios de pago y no se almacena en nuestros servidores).<\/p>\n<\/li>\n<li>\n<p class=\"ds-markdown-paragraph\"><strong>Datos de transacciones de alquiler:<\/strong>\u00a0Detalles de sus reservas de alquiler, incluidas fechas, horarios, veh\u00edculo elegido, duraci\u00f3n del alquiler y cualquier solicitud especial.<\/p>\n<\/li>\n<li>\n<p class=\"ds-markdown-paragraph\"><strong>Datos t\u00e9cnicos y de uso:<\/strong>\u00a0Su direcci\u00f3n IP, tipo y versi\u00f3n del navegador, configuraci\u00f3n de zona horaria, tipos de complementos del navegador, sistema operativo y plataforma. Tambi\u00e9n recopilamos informaci\u00f3n sobre su visita a nuestro Sitio, incluidas las URL completas, el flujo de clics hacia, dentro y desde nuestro Sitio, y las p\u00e1ginas que visualiz\u00f3.<\/p>\n<\/li>\n<li>\n<p class=\"ds-markdown-paragraph\"><strong>Datos de comunicaci\u00f3n:<\/strong>\u00a0Cualquier correspondencia que tengamos con usted, ya sea por correo electr\u00f3nico, tel\u00e9fono o a trav\u00e9s de nuestros formularios de contacto.<\/p>\n<\/li>\n<\/ul>\n<p class=\"ds-markdown-paragraph\"><strong>4. C\u00f3mo utilizamos su informaci\u00f3n (Fines y bases legales)<\/strong><\/p>\n<p class=\"ds-markdown-paragraph\">Utilizamos sus datos personales \u00fanicamente para fines espec\u00edficos y leg\u00edtimos. La siguiente tabla describe c\u00f3mo utilizamos sus datos y nuestra base legal para hacerlo seg\u00fan el GDPR.<\/p>\n<div class=\"ds-scroll-area _1210dd7\">\n<div class=\"ds-scroll-area__gutters\">\n<div class=\"ds-scroll-area__horizontal-gutter\">\n<div class=\"ds-scroll-area__horizontal-bar\">\u00a0<\/div>\n<\/div>\n<div class=\"ds-scroll-area__vertical-gutter\">\u00a0<\/div>\n<\/div>\n<table>\n<thead>\n<tr>\n<th>Finalidad del tratamiento<\/th>\n<th>Base legal para el tratamiento<\/th>\n<\/tr>\n<\/thead>\n<tbody>\n<tr>\n<td>Para crear y gestionar su cuenta, procesar sus reservas de alquiler y cumplir con nuestro contrato con usted (incluida la verificaci\u00f3n de edad y licencia).<\/td>\n<td>Necesario para el cumplimiento de un contrato (Art\u00edculo 6(1)(b) del RGPD).<\/td>\n<\/tr>\n<tr>\n<td>Para procesar pagos y prevenir transacciones fraudulentas.<\/td>\n<td>Necesario para el cumplimiento de un contrato y para nuestros intereses leg\u00edtimos en la prevenci\u00f3n del fraude (Art\u00edculo 6(1)(b) y (f) del RGPD).<\/td>\n<\/tr>\n<tr>\n<td>Para gestionar nuestra relaci\u00f3n con usted, incluyendo notificarle sobre cambios en nuestros t\u00e9rminos o pol\u00edtica de privacidad, y solicitarle que deje una rese\u00f1a.<\/td>\n<td>Necesario para nuestros intereses leg\u00edtimos (mantener nuestros registros actualizados y estudiar c\u00f3mo los clientes utilizan nuestros servicios) y para cumplir con obligaciones legales (Art\u00edculo 6(1)(f) y (c) del RGPD).<\/td>\n<\/tr>\n<tr>\n<td>Para administrar y proteger nuestro negocio y este Sitio (incluida la resoluci\u00f3n de problemas, an\u00e1lisis de datos, pruebas, mantenimiento del sistema, soporte, informes y alojamiento de datos).<\/td>\n<td>Necesario para nuestros intereses leg\u00edtimos (para la gesti\u00f3n de nuestro negocio, prestaci\u00f3n de servicios administrativos y de TI, seguridad de la red) y para cumplir con obligaciones legales (Art\u00edculo 6(1)(f) y (c) del RGPD).<\/td>\n<\/tr>\n<tr>\n<td>Para utilizar an\u00e1lisis de datos con el fin de mejorar nuestro sitio web, productos\/servicios, marketing, relaciones con clientes y experiencias.<\/td>\n<td>Basado en su consentimiento cuando la ley lo exige, de lo contrario, en nuestro inter\u00e9s leg\u00edtimo para mejorar nuestros servicios (Art\u00edculo 6(1)(a) o (f) del RGPD).<\/td>\n<\/tr>\n<tr>\n<td>Para enviarle comunicaciones de marketing sobre nuestros veh\u00edculos premium y ofertas especiales, si ha dado su consentimiento.<\/td>\n<td>Su consentimiento (Art\u00edculo 6(1)(a) del RGPD).<\/td>\n<\/tr>\n<\/tbody>\n<\/table>\n<\/div>\n<p class=\"ds-markdown-paragraph\"><strong>5. Compartici\u00f3n de datos y transferencias internacionales<\/strong><\/p>\n<p class=\"ds-markdown-paragraph\">Podemos compartir sus datos personales con las siguientes categor\u00edas de terceros:<\/p>\n<ul>\n<li>\n<p class=\"ds-markdown-paragraph\"><strong>A proveedores de servicios:<\/strong>\u00a0Como procesadores de pago, servicios de TI y administraci\u00f3n de sistemas, herramientas de gesti\u00f3n de relaciones con clientes y plataformas de marketing. Estos proveedores est\u00e1n sujetos a acuerdos estrictos de procesamiento de datos.<\/p>\n<\/li>\n<li>\n<p class=\"ds-markdown-paragraph\"><strong>A asesores profesionales:<\/strong>\u00a0Incluyendo abogados, banqueros, auditores y aseguradores cuando sea necesario.<\/p>\n<\/li>\n<li>\n<p class=\"ds-markdown-paragraph\"><strong>A autoridades:<\/strong>\u00a0Podemos divulgar sus datos a fuerzas del orden, organismos reguladores u otras autoridades si as\u00ed lo exige la ley o para proteger nuestros derechos.<\/p>\n<\/li>\n<\/ul>\n<p class=\"ds-markdown-paragraph\">Sus datos se procesan dentro del Espacio Econ\u00f3mico Europeo (EEE). Si alguna vez necesitamos transferir sus datos fuera del EEE, garantizaremos las salvaguardias adecuadas, seg\u00fan lo exige el RGPD.<\/p>\n<p class=\"ds-markdown-paragraph\"><strong>6. Seguridad de los datos<\/strong><\/p>\n<p class=\"ds-markdown-paragraph\">Hemos implementado medidas de seguridad t\u00e9cnicas y organizativas adecuadas para evitar que sus datos personales se pierdan accidentalmente, se utilicen o a los que se acceda de manera no autorizada. Estas incluyen encriptaci\u00f3n, servidores seguros y controles de acceso.<\/p>\n<p class=\"ds-markdown-paragraph\"><strong>7. Conservaci\u00f3n de datos<\/strong><\/p>\n<p class=\"ds-markdown-paragraph\">Conservaremos sus datos personales solo durante el tiempo necesario para cumplir con los fines para los que fueron recopilados, incluido el cumplimiento de cualquier requisito legal, contable o de informes. Por ejemplo, los datos de transacciones de alquiler se conservan normalmente durante el per\u00edodo requerido por las leyes fiscales espa\u00f1olas (actualmente 6 a\u00f1os).<\/p>\n<p class=\"ds-markdown-paragraph\"><strong>8. Sus derechos de protecci\u00f3n de datos<\/strong><\/p>\n<p class=\"ds-markdown-paragraph\">Seg\u00fan el RGPD, tiene los siguientes derechos:<\/p>\n<ul>\n<li>\n<p class=\"ds-markdown-paragraph\"><strong>Derecho de acceso:<\/strong>\u00a0Puede solicitar una copia de los datos personales que conservamos sobre usted.<\/p>\n<\/li>\n<li>\n<p class=\"ds-markdown-paragraph\"><strong>Derecho de rectificaci\u00f3n:<\/strong>\u00a0Puede solicitar la correcci\u00f3n de datos inexactos o incompletos.<\/p>\n<\/li>\n<li>\n<p class=\"ds-markdown-paragraph\"><strong>Derecho de supresi\u00f3n (\u00abDerecho al olvido\u00bb):<\/strong>\u00a0Puede solicitar la eliminaci\u00f3n de sus datos personales en determinadas circunstancias.<\/p>\n<\/li>\n<li>\n<p class=\"ds-markdown-paragraph\"><strong>Derecho a limitar el tratamiento:<\/strong>\u00a0Puede solicitar que suspendamos el tratamiento de sus datos.<\/p>\n<\/li>\n<li>\n<p class=\"ds-markdown-paragraph\"><strong>Derecho a la portabilidad de los datos:<\/strong>\u00a0Puede solicitar una copia de sus datos en un formato estructurado y legible por m\u00e1quina.<\/p>\n<\/li>\n<li>\n<p class=\"ds-markdown-paragraph\"><strong>Derecho de oposici\u00f3n:<\/strong>\u00a0Puede oponerse al tratamiento de sus datos basado en nuestros intereses leg\u00edtimos.<\/p>\n<\/li>\n<li>\n<p class=\"ds-markdown-paragraph\"><strong>Derecho a retirar el consentimiento:<\/strong>\u00a0Cuando dependemos de su consentimiento, puede retirarlo en cualquier momento.<\/p>\n<\/li>\n<\/ul>\n<p class=\"ds-markdown-paragraph\">Para ejercer cualquiera de estos derechos, por favor cont\u00e1ctenos en <a href=\"mailto:info@cdsbud.es\" target=\"_blank\" rel=\"noopener\">info@cdsbud.es<\/a>. Es posible que necesitemos solicitarle informaci\u00f3n espec\u00edfica para ayudarnos a confirmar su identidad. Tambi\u00e9n tiene derecho a presentar una reclamaci\u00f3n ante la Agencia Espa\u00f1ola de Protecci\u00f3n de Datos.<\/p>\n<p class=\"ds-markdown-paragraph\"><strong>9. Cookies<\/strong><\/p>\n<p class=\"ds-markdown-paragraph\">Our Site uses cookies to distinguish you from other users. This helps us provide you with a good experience and allows us to improve our Site. For detailed information on the cookies we use and the purposes for which we use them, see our <a href=\"https:\/\/cdsbud.es\/es\/cookie-policy\/\" target=\"_blank\" rel=\"noopener\">Pol\u00edtica de cookies<\/a>.<\/p>\n<p class=\"ds-markdown-paragraph\"><strong>10. Cambios en esta Pol\u00edtica de Privacidad<\/strong><\/p>\n<p class=\"ds-markdown-paragraph\">Podemos actualizar esta pol\u00edtica peri\u00f3dicamente. La versi\u00f3n actualizada se indicar\u00e1 con una fecha de \"\u00daltima actualizaci\u00f3n\" modificada en la parte superior de esta p\u00e1gina. Le recomendamos que revise esta pol\u00edtica peri\u00f3dicamente.<\/p>\n<p class=\"ds-markdown-paragraph\"><strong>11. Cont\u00e1ctenos<\/strong><\/p>\n<p class=\"ds-markdown-paragraph\">Si tiene alguna pregunta sobre esta Pol\u00edtica de Privacidad o nuestras pr\u00e1cticas de privacidad, cont\u00e1ctenos:<br \/>Por correo electr\u00f3nico: <a href=\"mailto:info@cdsbud.es\" target=\"_blank\" rel=\"noopener\">info@cdsbud.es<\/a><br \/>Por correo postal: Take Drive, C. Gaud\u00ed, 11, 29680 Estepona, M\u00e1laga, Espa\u00f1a.<\/p>\t\t\t\t\t\t\t\t<\/div>\n\t\t\t\t<\/div>\n\t\t\t\t\t<\/div>\n\t\t\t\t<\/div>\n\t\t\t\t<\/div>","protected":false},"excerpt":{"rendered":"<p>Privacy Policy Last Updated: 17\/09\/2025 1. Introduction Take Drive (referred to as &#8220;we&#8221;, &#8220;us&#8221;, or &#8220;our&#8221;) is committed to protecting and respecting your privacy. This Privacy Policy explains how we collect, use, disclose, and safeguard your personal data when you visit our website\u00a0https:\/\/cdsbud.es\/\u00a0(the &#8220;Site&#8221;) and use our premium car rental services. This policy is written [&hellip;]<\/p>","protected":false},"author":2,"featured_media":0,"parent":0,"menu_order":0,"comment_status":"closed","ping_status":"closed","template":"elementor_header_footer","meta":{"footnotes":""},"class_list":["post-1896","page","type-page","status-publish","hentry"],"_links":{"self":[{"href":"https:\/\/cdsbud.es\/es\/wp-json\/wp\/v2\/pages\/1896","targetHints":{"allow":["GET"]}}],"collection":[{"href":"https:\/\/cdsbud.es\/es\/wp-json\/wp\/v2\/pages"}],"about":[{"href":"https:\/\/cdsbud.es\/es\/wp-json\/wp\/v2\/types\/page"}],"author":[{"embeddable":true,"href":"https:\/\/cdsbud.es\/es\/wp-json\/wp\/v2\/users\/2"}],"replies":[{"embeddable":true,"href":"https:\/\/cdsbud.es\/es\/wp-json\/wp\/v2\/comments?post=1896"}],"version-history":[{"count":0,"href":"https:\/\/cdsbud.es\/es\/wp-json\/wp\/v2\/pages\/1896\/revisions"}],"wp:attachment":[{"href":"https:\/\/cdsbud.es\/es\/wp-json\/wp\/v2\/media?parent=1896"}],"curies":[{"name":"wp","href":"https:\/\/api.w.org\/{rel}","templated":true}]}}